{"id":50590,"date":"2022-11-01T15:57:09","date_gmt":"2022-11-01T15:57:09","guid":{"rendered":"https:\/\/vaimsetervisekeskus.ee\/contact\/"},"modified":"2024-04-25T08:55:37","modified_gmt":"2024-04-25T08:55:37","slug":"contact","status":"publish","type":"page","link":"https:\/\/vaimsetervisekeskus.ee\/en\/contact\/","title":{"rendered":"Contact"},"content":{"rendered":"<p>[et_pb_section fb_built=&#8221;1&#8243; _builder_version=&#8221;4.19.0&#8243; _module_preset=&#8221;default&#8221; custom_padding=&#8221;50px||50px||true|&#8221; global_colors_info=&#8221;{}&#8221;][et_pb_row column_structure=&#8221;2_5,3_5&#8243; _builder_version=&#8221;4.19.0&#8243; _module_preset=&#8221;default&#8221; global_colors_info=&#8221;{}&#8221;][et_pb_column type=&#8221;2_5&#8243; _builder_version=&#8221;4.19.0&#8243; _module_preset=&#8221;default&#8221; global_colors_info=&#8221;{}&#8221;][et_pb_text _builder_version=&#8221;4.19.0&#8243; _module_preset=&#8221;default&#8221; text_font=&#8221;Work Sans|300|||||||&#8221; text_text_color=&#8221;#262626&#8243; text_font_size=&#8221;18px&#8221; link_text_color=&#8221;#262626&#8243; global_colors_info=&#8221;{}&#8221;]<\/p>\n<h2>Contact us<\/h2>\n<p><a href=\"https:\/\/connectedserver.eu\/ConnectedOnlineX\/default.aspx?key=AIuxaO3i&amp;lang=en\" target=\"_blank\" rel=\"noopener\"><span style=\"text-decoration: underline;\">Click here<\/span><\/a> to book your appointment<\/p>\n<p>[\/et_pb_text][et_pb_contact_form use_spam_service=&#8221;on&#8221; recaptcha_list=&#8221;vaimsetervisekeskusee|vaimsetervisekeskusee-0&#8243; email=&#8221;info@vaimsetervisekeskus.ee&#8221; custom_message=&#8221;%%Nimi%%||et_pb_line_break_holder||%%Email%%||et_pb_line_break_holder||%%Message%%&#8221; success_message=&#8221;Thank you! We will contact you soon&#8221; submit_button_text=&#8221;Send message&#8221; _builder_version=&#8221;4.19.4&#8243; _module_preset=&#8221;default&#8221; _unique_id=&#8221;58562eb8-bcbc-4897-83e9-00417f8ccfb2&#8243; form_field_background_color=&#8221;#EDEDED&#8221; form_field_text_color=&#8221;#0A281E&#8221; title_font=&#8221;Work Sans|500|||||||&#8221; title_text_color=&#8221;#0F5041&#8243; form_field_font=&#8221;Work Sans|300|||||||&#8221; custom_button=&#8221;on&#8221; button_text_size=&#8221;16px&#8221; button_text_color=&#8221;#ffffff&#8221; button_bg_color=&#8221;#5c7e41&#8243; button_border_width=&#8221;0px&#8221; button_border_color=&#8221;RGBA(255,255,255,0)&#8221; button_border_radius=&#8221;100px&#8221; button_font=&#8221;Work Sans|500|||||||&#8221; button_use_icon=&#8221;off&#8221; border_radii=&#8221;on|10px|10px|10px|10px&#8221; global_colors_info=&#8221;{}&#8221; button_bg_color__hover=&#8221;#839843&#8243; button_bg_color__hover_enabled=&#8221;off|hover&#8221; button_bg_enable_color__hover=&#8221;on&#8221; button_text_size__hover_enabled=&#8221;off|desktop&#8221; button_text_size__hover=&#8221;19px&#8221;][et_pb_contact_field field_id=&#8221;Nimi&#8221; field_title=&#8221;Name&#8221; _builder_version=&#8221;4.19.0&#8243; global_colors_info=&#8221;{}&#8221; button_text_size__hover_enabled=&#8221;off&#8221; button_one_text_size__hover_enabled=&#8221;off&#8221; button_two_text_size__hover_enabled=&#8221;off&#8221; button_text_color__hover_enabled=&#8221;off&#8221; button_one_text_color__hover_enabled=&#8221;off&#8221; button_two_text_color__hover_enabled=&#8221;off&#8221; button_border_width__hover_enabled=&#8221;off&#8221; button_one_border_width__hover_enabled=&#8221;off&#8221; button_two_border_width__hover_enabled=&#8221;off&#8221; button_border_color__hover_enabled=&#8221;off&#8221; button_one_border_color__hover_enabled=&#8221;off&#8221; button_two_border_color__hover_enabled=&#8221;off&#8221; button_border_radius__hover_enabled=&#8221;off&#8221; button_one_border_radius__hover_enabled=&#8221;off&#8221; button_two_border_radius__hover_enabled=&#8221;off&#8221; button_letter_spacing__hover_enabled=&#8221;off&#8221; button_one_letter_spacing__hover_enabled=&#8221;off&#8221; button_two_letter_spacing__hover_enabled=&#8221;off&#8221; button_bg_color__hover_enabled=&#8221;off&#8221; button_one_bg_color__hover_enabled=&#8221;off&#8221; button_two_bg_color__hover_enabled=&#8221;off&#8221;][\/et_pb_contact_field][et_pb_contact_field field_id=&#8221;Email&#8221; field_title=&#8221;E-mail address&#8221; field_type=&#8221;email&#8221; _builder_version=&#8221;4.19.0&#8243; global_colors_info=&#8221;{}&#8221; button_text_size__hover_enabled=&#8221;off&#8221; button_one_text_size__hover_enabled=&#8221;off&#8221; button_two_text_size__hover_enabled=&#8221;off&#8221; button_text_color__hover_enabled=&#8221;off&#8221; button_one_text_color__hover_enabled=&#8221;off&#8221; button_two_text_color__hover_enabled=&#8221;off&#8221; button_border_width__hover_enabled=&#8221;off&#8221; button_one_border_width__hover_enabled=&#8221;off&#8221; button_two_border_width__hover_enabled=&#8221;off&#8221; button_border_color__hover_enabled=&#8221;off&#8221; button_one_border_color__hover_enabled=&#8221;off&#8221; button_two_border_color__hover_enabled=&#8221;off&#8221; button_border_radius__hover_enabled=&#8221;off&#8221; button_one_border_radius__hover_enabled=&#8221;off&#8221; button_two_border_radius__hover_enabled=&#8221;off&#8221; button_letter_spacing__hover_enabled=&#8221;off&#8221; button_one_letter_spacing__hover_enabled=&#8221;off&#8221; button_two_letter_spacing__hover_enabled=&#8221;off&#8221; button_bg_color__hover_enabled=&#8221;off&#8221; button_one_bg_color__hover_enabled=&#8221;off&#8221; button_two_bg_color__hover_enabled=&#8221;off&#8221;][\/et_pb_contact_field][et_pb_contact_field field_id=&#8221;Message&#8221; field_title=&#8221;Your message to us&#8230;&#8221; field_type=&#8221;text&#8221; fullwidth_field=&#8221;on&#8221; _builder_version=&#8221;4.19.0&#8243; global_colors_info=&#8221;{}&#8221; button_text_size__hover_enabled=&#8221;off&#8221; button_one_text_size__hover_enabled=&#8221;off&#8221; button_two_text_size__hover_enabled=&#8221;off&#8221; button_text_color__hover_enabled=&#8221;off&#8221; button_one_text_color__hover_enabled=&#8221;off&#8221; button_two_text_color__hover_enabled=&#8221;off&#8221; button_border_width__hover_enabled=&#8221;off&#8221; button_one_border_width__hover_enabled=&#8221;off&#8221; button_two_border_width__hover_enabled=&#8221;off&#8221; button_border_color__hover_enabled=&#8221;off&#8221; button_one_border_color__hover_enabled=&#8221;off&#8221; button_two_border_color__hover_enabled=&#8221;off&#8221; button_border_radius__hover_enabled=&#8221;off&#8221; button_one_border_radius__hover_enabled=&#8221;off&#8221; button_two_border_radius__hover_enabled=&#8221;off&#8221; button_letter_spacing__hover_enabled=&#8221;off&#8221; button_one_letter_spacing__hover_enabled=&#8221;off&#8221; button_two_letter_spacing__hover_enabled=&#8221;off&#8221; button_bg_color__hover_enabled=&#8221;off&#8221; button_one_bg_color__hover_enabled=&#8221;off&#8221; button_two_bg_color__hover_enabled=&#8221;off&#8221;][\/et_pb_contact_field][\/et_pb_contact_form][et_pb_social_media_follow icon_color=&#8221;#1E6E5A&#8221; use_icon_font_size=&#8221;on&#8221; icon_font_size=&#8221;20px&#8221; _builder_version=&#8221;4.19.0&#8243; custom_margin=&#8221;23px||||false|false&#8221; custom_margin_tablet=&#8221;-10px||||false|false&#8221; custom_margin_phone=&#8221;-10px||||false|false&#8221; custom_margin_last_edited=&#8221;on|phone&#8221; border_radii=&#8221;on|0px|0px|0px|0px&#8221; global_colors_info=&#8221;{}&#8221; icon_color__hover_enabled=&#8221;on|hover&#8221; icon_color__hover=&#8221;#3a3a3a&#8221;][et_pb_social_media_follow_network social_network=&#8221;facebook&#8221; url=&#8221;https:\/\/www.facebook.com\/profile.php?id=100088084766057&#8243; icon_color=&#8221;#5c7e41&#8243; _builder_version=&#8221;4.19.0&#8243; background_color=&#8221;#ffffff&#8221; background_enable_color=&#8221;on&#8221; global_colors_info=&#8221;{}&#8221; follow_button=&#8221;off&#8221; url_new_window=&#8221;on&#8221;]facebook[\/et_pb_social_media_follow_network][et_pb_social_media_follow_network social_network=&#8221;instagram&#8221; url=&#8221;https:\/\/www.instagram.com\/vaimsetervisekeskus\/&#8221; icon_color=&#8221;#5c7e41&#8243; _builder_version=&#8221;4.19.0&#8243; background_color=&#8221;#ffffff&#8221; background_enable_color=&#8221;on&#8221; global_colors_info=&#8221;{}&#8221; follow_button=&#8221;off&#8221; url_new_window=&#8221;on&#8221;]instagram[\/et_pb_social_media_follow_network][\/et_pb_social_media_follow][\/et_pb_column][et_pb_column type=&#8221;3_5&#8243; _builder_version=&#8221;4.19.0&#8243; _module_preset=&#8221;default&#8221; global_colors_info=&#8221;{}&#8221;][et_pb_code _builder_version=&#8221;4.19.0&#8243; _module_preset=&#8221;default&#8221; global_colors_info=&#8221;{}&#8221;]<iframe src=\"https:\/\/www.google.com\/maps\/embed?pb=!1m18!1m12!1m3!1d2029.9391603774184!2d24.747486816202485!3d59.417409810999104!2m3!1f0!2f0!3f0!3m2!1i1024!2i768!4f13.1!3m3!1m2!1s0x469294bbf7e70faf%3A0x9f6e1a07b8b7019a!2sVeerenni%2038b%2C%20Kesklinna%20linnaosa%2C%20Kesklinna%2C%2010135%20Harju%20maakond!5e0!3m2!1sen!2see!4v1670312075553!5m2!1sen!2see\" width=\"100%\" height=\"450\" style=\"border:0;\" allowfullscreen=\"\" loading=\"lazy\" referrerpolicy=\"no-referrer-when-downgrade\"><\/iframe>[\/et_pb_code][\/et_pb_column][\/et_pb_row][et_pb_row _builder_version=&#8221;4.25.0&#8243; _module_preset=&#8221;default&#8221;][et_pb_column _builder_version=&#8221;4.25.0&#8243; _module_preset=&#8221;default&#8221; type=&#8221;4_4&#8243;][et_pb_text _builder_version=&#8221;4.25.0&#8243; _module_preset=&#8221;default&#8221; text_font=&#8221;Work Sans|300|||||||&#8221; text_text_color=&#8221;#262626&#8243; text_font_size=&#8221;18px&#8221; link_text_color=&#8221;#262626&#8243; hover_enabled=&#8221;0&#8243; locked=&#8221;off&#8221; global_colors_info=&#8221;{}&#8221; sticky_enabled=&#8221;0&#8243;]<\/p>\n<h2>Video instructions for how to find us<\/h2>\n<p>[\/et_pb_text][et_pb_video src=&#8221;https:\/\/youtube.com\/shorts\/Bbe-M-0vujo?si=Jw6PmjJcCpWrjGc_&#8221; _builder_version=&#8221;4.25.0&#8243; _module_preset=&#8221;default&#8221; hover_enabled=&#8221;0&#8243; sticky_enabled=&#8221;0&#8243;][\/et_pb_video][\/et_pb_column][\/et_pb_row][et_pb_row _builder_version=&#8221;4.19.4&#8243; _module_preset=&#8221;default&#8221; global_colors_info=&#8221;{}&#8221;][et_pb_column type=&#8221;4_4&#8243; _builder_version=&#8221;4.19.4&#8243; _module_preset=&#8221;default&#8221; global_colors_info=&#8221;{}&#8221;][et_pb_text _builder_version=&#8221;4.19.4&#8243; _module_preset=&#8221;default&#8221; text_font=&#8221;Work Sans|300|||||||&#8221; text_text_color=&#8221;#262626&#8243; text_font_size=&#8221;18px&#8221; link_text_color=&#8221;#262626&#8243; locked=&#8221;off&#8221; global_colors_info=&#8221;{}&#8221;]<\/p>\n<h2>Parking information<\/h2>\n<p>[\/et_pb_text][et_pb_image src=&#8221;https:\/\/vaimsetervisekeskus.ee\/wp-content\/uploads\/2024\/02\/IMG_7534-scaled.jpg&#8221; _builder_version=&#8221;4.24.0&#8243; _module_preset=&#8221;default&#8221; global_colors_info=&#8221;{}&#8221;][\/et_pb_image][et_pb_text _builder_version=&#8221;4.19.4&#8243; _module_preset=&#8221;default&#8221; text_font=&#8221;Work Sans|300|||||||&#8221; text_text_color=&#8221;#262626&#8243; text_font_size=&#8221;18px&#8221; link_text_color=&#8221;#262626&#8243; max_width=&#8221;100%&#8221; global_colors_info=&#8221;{}&#8221;]<\/p>\n<p>If you arrive by car, you can park in front of the house. Parking must be registered on the first floor of the building.\u00a0<\/p>\n<p>Bus lines 16, 3, 28, 39, and 73 stop nearby (T\u00f6\u00f6koja (No. 28), Veduri (No. 16), and Varre (No. 3, 28, 39, and 73). Kitsek\u00fcla train station is within walking distance.<\/p>\n<p>[\/et_pb_text][\/et_pb_column][\/et_pb_row][\/et_pb_section]<\/p>\n","protected":false},"excerpt":{"rendered":"<p>Contact us Click here to book your appointmentVideo instructions for how to find usParking informationIf you arrive by car, you can park in front of the house. Parking must be registered on the first floor of the building.\u00a0 Bus lines 16, 3, 28, 39, and 73 stop nearby (T\u00f6\u00f6koja (No. 28), Veduri (No. 16), and [&hellip;]<\/p>\n","protected":false},"author":2,"featured_media":0,"parent":0,"menu_order":0,"comment_status":"closed","ping_status":"closed","template":"","meta":{"_acf_changed":false,"_et_pb_use_builder":"on","_et_pb_old_content":"","_et_gb_content_width":"","footnotes":""},"class_list":["post-50590","page","type-page","status-publish","hentry"],"acf":[],"yoast_head":"<!-- This site is optimized with the Yoast SEO plugin v26.2 - https:\/\/yoast.com\/wordpress\/plugins\/seo\/ -->\n<title>Contact - Vaimse tervise keskus<\/title>\n<meta name=\"robots\" content=\"index, follow, max-snippet:-1, max-image-preview:large, max-video-preview:-1\" \/>\n<link rel=\"canonical\" href=\"https:\/\/vaimsetervisekeskus.ee\/kontakt\/\" \/>\n<meta property=\"og:locale\" content=\"en_US\" \/>\n<meta property=\"og:type\" content=\"article\" \/>\n<meta property=\"og:title\" content=\"Contact - Vaimse tervise keskus\" \/>\n<meta property=\"og:description\" content=\"GEORGE SMILEWeb Designerdemo@divi.expressMICHAEL KINGDOMWeb Designerdemo@divi.express\" \/>\n<meta property=\"og:url\" content=\"https:\/\/vaimsetervisekeskus.ee\/kontakt\/\" \/>\n<meta property=\"og:site_name\" content=\"Vaimse tervise keskus\" \/>\n<meta property=\"article:publisher\" content=\"https:\/\/www.facebook.com\/profile.php?id=100088084766057\" \/>\n<meta property=\"article:modified_time\" content=\"2024-04-25T08:55:37+00:00\" \/>\n<meta name=\"twitter:card\" content=\"summary_large_image\" \/>\n<meta name=\"twitter:label1\" content=\"Est. reading time\" \/>\n\t<meta name=\"twitter:data1\" content=\"6 minutes\" \/>\n<script type=\"application\/ld+json\" class=\"yoast-schema-graph\">{\"@context\":\"https:\/\/schema.org\",\"@graph\":[{\"@type\":\"WebPage\",\"@id\":\"https:\/\/vaimsetervisekeskus.ee\/kontakt\/\",\"url\":\"https:\/\/vaimsetervisekeskus.ee\/kontakt\/\",\"name\":\"Contact - Vaimse tervise keskus\",\"isPartOf\":{\"@id\":\"https:\/\/vaimsetervisekeskus.ee\/#website\"},\"datePublished\":\"2022-11-01T15:57:09+00:00\",\"dateModified\":\"2024-04-25T08:55:37+00:00\",\"breadcrumb\":{\"@id\":\"https:\/\/vaimsetervisekeskus.ee\/kontakt\/#breadcrumb\"},\"inLanguage\":\"en-US\",\"potentialAction\":[{\"@type\":\"ReadAction\",\"target\":[\"https:\/\/vaimsetervisekeskus.ee\/kontakt\/\"]}]},{\"@type\":\"BreadcrumbList\",\"@id\":\"https:\/\/vaimsetervisekeskus.ee\/kontakt\/#breadcrumb\",\"itemListElement\":[{\"@type\":\"ListItem\",\"position\":1,\"name\":\"Home\",\"item\":\"https:\/\/vaimsetervisekeskus.ee\/en\/\"},{\"@type\":\"ListItem\",\"position\":2,\"name\":\"Contact\"}]},{\"@type\":\"WebSite\",\"@id\":\"https:\/\/vaimsetervisekeskus.ee\/#website\",\"url\":\"https:\/\/vaimsetervisekeskus.ee\/\",\"name\":\"Vaimse tervise keskus\",\"description\":\"Ps&uuml;hholoogid ja ps&uuml;hhiaatrid\",\"publisher\":{\"@id\":\"https:\/\/vaimsetervisekeskus.ee\/#organization\"},\"potentialAction\":[{\"@type\":\"SearchAction\",\"target\":{\"@type\":\"EntryPoint\",\"urlTemplate\":\"https:\/\/vaimsetervisekeskus.ee\/?s={search_term_string}\"},\"query-input\":{\"@type\":\"PropertyValueSpecification\",\"valueRequired\":true,\"valueName\":\"search_term_string\"}}],\"inLanguage\":\"en-US\"},{\"@type\":\"Organization\",\"@id\":\"https:\/\/vaimsetervisekeskus.ee\/#organization\",\"name\":\"Vaimse tervise keskus\",\"url\":\"https:\/\/vaimsetervisekeskus.ee\/\",\"logo\":{\"@type\":\"ImageObject\",\"inLanguage\":\"en-US\",\"@id\":\"https:\/\/vaimsetervisekeskus.ee\/#\/schema\/logo\/image\/\",\"url\":\"https:\/\/vaimsetervisekeskus.ee\/wp-content\/uploads\/2022\/12\/VAIMSE_TERVISE_KESKUS_LOGO_RGB-02.png\",\"contentUrl\":\"https:\/\/vaimsetervisekeskus.ee\/wp-content\/uploads\/2022\/12\/VAIMSE_TERVISE_KESKUS_LOGO_RGB-02.png\",\"width\":1200,\"height\":495,\"caption\":\"Vaimse tervise keskus\"},\"image\":{\"@id\":\"https:\/\/vaimsetervisekeskus.ee\/#\/schema\/logo\/image\/\"},\"sameAs\":[\"https:\/\/www.facebook.com\/profile.php?id=100088084766057\"]}]}<\/script>\n<!-- \/ Yoast SEO plugin. -->","yoast_head_json":{"title":"Contact - Vaimse tervise keskus","robots":{"index":"index","follow":"follow","max-snippet":"max-snippet:-1","max-image-preview":"max-image-preview:large","max-video-preview":"max-video-preview:-1"},"canonical":"https:\/\/vaimsetervisekeskus.ee\/kontakt\/","og_locale":"en_US","og_type":"article","og_title":"Contact - Vaimse tervise keskus","og_description":"GEORGE SMILEWeb Designerdemo@divi.expressMICHAEL KINGDOMWeb Designerdemo@divi.express","og_url":"https:\/\/vaimsetervisekeskus.ee\/kontakt\/","og_site_name":"Vaimse tervise keskus","article_publisher":"https:\/\/www.facebook.com\/profile.php?id=100088084766057","article_modified_time":"2024-04-25T08:55:37+00:00","twitter_card":"summary_large_image","twitter_misc":{"Est. reading time":"6 minutes"},"schema":{"@context":"https:\/\/schema.org","@graph":[{"@type":"WebPage","@id":"https:\/\/vaimsetervisekeskus.ee\/kontakt\/","url":"https:\/\/vaimsetervisekeskus.ee\/kontakt\/","name":"Contact - Vaimse tervise keskus","isPartOf":{"@id":"https:\/\/vaimsetervisekeskus.ee\/#website"},"datePublished":"2022-11-01T15:57:09+00:00","dateModified":"2024-04-25T08:55:37+00:00","breadcrumb":{"@id":"https:\/\/vaimsetervisekeskus.ee\/kontakt\/#breadcrumb"},"inLanguage":"en-US","potentialAction":[{"@type":"ReadAction","target":["https:\/\/vaimsetervisekeskus.ee\/kontakt\/"]}]},{"@type":"BreadcrumbList","@id":"https:\/\/vaimsetervisekeskus.ee\/kontakt\/#breadcrumb","itemListElement":[{"@type":"ListItem","position":1,"name":"Home","item":"https:\/\/vaimsetervisekeskus.ee\/en\/"},{"@type":"ListItem","position":2,"name":"Contact"}]},{"@type":"WebSite","@id":"https:\/\/vaimsetervisekeskus.ee\/#website","url":"https:\/\/vaimsetervisekeskus.ee\/","name":"Vaimse tervise keskus","description":"Ps&uuml;hholoogid ja ps&uuml;hhiaatrid","publisher":{"@id":"https:\/\/vaimsetervisekeskus.ee\/#organization"},"potentialAction":[{"@type":"SearchAction","target":{"@type":"EntryPoint","urlTemplate":"https:\/\/vaimsetervisekeskus.ee\/?s={search_term_string}"},"query-input":{"@type":"PropertyValueSpecification","valueRequired":true,"valueName":"search_term_string"}}],"inLanguage":"en-US"},{"@type":"Organization","@id":"https:\/\/vaimsetervisekeskus.ee\/#organization","name":"Vaimse tervise keskus","url":"https:\/\/vaimsetervisekeskus.ee\/","logo":{"@type":"ImageObject","inLanguage":"en-US","@id":"https:\/\/vaimsetervisekeskus.ee\/#\/schema\/logo\/image\/","url":"https:\/\/vaimsetervisekeskus.ee\/wp-content\/uploads\/2022\/12\/VAIMSE_TERVISE_KESKUS_LOGO_RGB-02.png","contentUrl":"https:\/\/vaimsetervisekeskus.ee\/wp-content\/uploads\/2022\/12\/VAIMSE_TERVISE_KESKUS_LOGO_RGB-02.png","width":1200,"height":495,"caption":"Vaimse tervise keskus"},"image":{"@id":"https:\/\/vaimsetervisekeskus.ee\/#\/schema\/logo\/image\/"},"sameAs":["https:\/\/www.facebook.com\/profile.php?id=100088084766057"]}]}},"_links":{"self":[{"href":"https:\/\/vaimsetervisekeskus.ee\/en\/wp-json\/wp\/v2\/pages\/50590","targetHints":{"allow":["GET"]}}],"collection":[{"href":"https:\/\/vaimsetervisekeskus.ee\/en\/wp-json\/wp\/v2\/pages"}],"about":[{"href":"https:\/\/vaimsetervisekeskus.ee\/en\/wp-json\/wp\/v2\/types\/page"}],"author":[{"embeddable":true,"href":"https:\/\/vaimsetervisekeskus.ee\/en\/wp-json\/wp\/v2\/users\/2"}],"replies":[{"embeddable":true,"href":"https:\/\/vaimsetervisekeskus.ee\/en\/wp-json\/wp\/v2\/comments?post=50590"}],"version-history":[{"count":10,"href":"https:\/\/vaimsetervisekeskus.ee\/en\/wp-json\/wp\/v2\/pages\/50590\/revisions"}],"predecessor-version":[{"id":52419,"href":"https:\/\/vaimsetervisekeskus.ee\/en\/wp-json\/wp\/v2\/pages\/50590\/revisions\/52419"}],"wp:attachment":[{"href":"https:\/\/vaimsetervisekeskus.ee\/en\/wp-json\/wp\/v2\/media?parent=50590"}],"curies":[{"name":"wp","href":"https:\/\/api.w.org\/{rel}","templated":true}]}}