{"id":53024,"date":"2024-11-14T09:26:25","date_gmt":"2024-11-14T09:26:25","guid":{"rendered":"https:\/\/vaimsetervisekeskus.ee\/compulsory-liability-insurance-of-a-healthcare-provider\/"},"modified":"2024-11-18T13:43:55","modified_gmt":"2024-11-18T13:43:55","slug":"compulsory-liability-insurance-of-a-healthcare-provider","status":"publish","type":"page","link":"https:\/\/vaimsetervisekeskus.ee\/en\/compulsory-liability-insurance-of-a-healthcare-provider\/","title":{"rendered":"Compulsory liability insurance of a healthcare provider"},"content":{"rendered":"<p>[et_pb_section fb_built=&#8221;1&#8243; _builder_version=&#8221;4.27.3&#8243; _module_preset=&#8221;default&#8221; global_colors_info=&#8221;{}&#8221;][et_pb_row column_structure=&#8221;1_2,1_2&#8243; _builder_version=&#8221;4.27.3&#8243; _module_preset=&#8221;default&#8221; global_colors_info=&#8221;{}&#8221;][et_pb_column type=&#8221;1_2&#8243; _builder_version=&#8221;4.27.3&#8243; _module_preset=&#8221;default&#8221; global_colors_info=&#8221;{}&#8221;][et_pb_text _builder_version=&#8221;4.27.3&#8243; _module_preset=&#8221;default&#8221; hover_enabled=&#8221;0&#8243; global_colors_info=&#8221;{}&#8221; sticky_enabled=&#8221;0&#8243;]<\/p>\n<p><strong>Kindlustusandja:<\/strong><span>\u00a0<\/span>PZU Kindlustus (AB \u201eLietuvos draudimas\u201c Eesti filiaal)<\/p>\n<p><strong>Kindlustuskaitse periood:<\/strong><span>\u00a0<\/span><em>1.11.2024-30.10.2025<\/em><span>\u00a0<\/span>(kindlustusperioodi v\u00e4lja palume t\u00e4ita kindlustusv\u00f5tjal vastavalt lepingule)<\/p>\n<p><strong>Kindlustussumma:<\/strong><br \/>3 000 000 \u20ac kindlustusperioodi kohta<br \/>300 000 \u20ac kindlustusjuhtumi kohta<br \/>100 000 \u20ac \u00f5igustatud isiku kohta<\/p>\n<p><strong>Mittevaralise kahju kindlustussumma:<\/strong><br \/>100 000 \u20ac kindlustusjuhtumi kohta<br \/>30 000 \u20ac \u00f5igustatud isiku kohta<\/p>\n<p><strong>Kahjun\u00f5ude esitamine:<\/strong><span>\u00a0<\/span>tervishoiuteenuse enda kontakt v\u00f5i<span>\u00a0 PZU Kindlustuse Iseteenindus\u00a0<\/span><\/p>\n<p>Kahju esitamiseks palun t\u00e4itke<span> PZU Kindlustuse Iseteeninduses<\/span><span>\u00a0<\/span>olev vorm ning kindlustusandja v\u00f5tab teiega \u00fchendust.<\/p>\n<p>[\/et_pb_text][\/et_pb_column][et_pb_column type=&#8221;1_2&#8243; _builder_version=&#8221;4.27.3&#8243; _module_preset=&#8221;default&#8221; global_colors_info=&#8221;{}&#8221;][et_pb_image src=&#8221;https:\/\/vaimsetervisekeskus.ee\/wp-content\/uploads\/2024\/11\/valge.png&#8221; title_text=&#8221;valge&#8221; url=&#8221;http:\/\/www.pzu.ee\/iseteenindus\/&#8221; _builder_version=&#8221;4.27.3&#8243; _module_preset=&#8221;default&#8221; global_colors_info=&#8221;{}&#8221;][\/et_pb_image][\/et_pb_column][\/et_pb_row][\/et_pb_section]<\/p>\n","protected":false},"excerpt":{"rendered":"<p>Kindlustusandja:\u00a0PZU Kindlustus (AB \u201eLietuvos draudimas\u201c Eesti filiaal) Kindlustuskaitse periood:\u00a01.11.2024-30.10.2025\u00a0(kindlustusperioodi v\u00e4lja palume t\u00e4ita kindlustusv\u00f5tjal vastavalt lepingule) Kindlustussumma:3 000 000 \u20ac kindlustusperioodi kohta300 000 \u20ac kindlustusjuhtumi kohta100 000 \u20ac \u00f5igustatud isiku kohta Mittevaralise kahju kindlustussumma:100 000 \u20ac kindlustusjuhtumi kohta30 000 \u20ac \u00f5igustatud isiku kohta Kahjun\u00f5ude esitamine:\u00a0tervishoiuteenuse enda kontakt v\u00f5i\u00a0 PZU Kindlustuse Iseteenindus\u00a0 Kahju esitamiseks palun t\u00e4itke PZU [&hellip;]<\/p>\n","protected":false},"author":7,"featured_media":0,"parent":0,"menu_order":0,"comment_status":"closed","ping_status":"closed","template":"","meta":{"_acf_changed":false,"_et_pb_use_builder":"on","_et_pb_old_content":"","_et_gb_content_width":"","footnotes":""},"class_list":["post-53024","page","type-page","status-publish","hentry"],"acf":[],"yoast_head":"<!-- This site is optimized with the Yoast SEO plugin v26.2 - https:\/\/yoast.com\/wordpress\/plugins\/seo\/ -->\n<title>Compulsory liability insurance of a healthcare provider - Vaimse tervise keskus<\/title>\n<meta name=\"robots\" content=\"index, follow, max-snippet:-1, max-image-preview:large, max-video-preview:-1\" \/>\n<link rel=\"canonical\" href=\"https:\/\/vaimsetervisekeskus.ee\/tervishoiuteenuse-osutaja-kohustuslik-vastutuskindlustus\/\" \/>\n<meta property=\"og:locale\" content=\"en_US\" \/>\n<meta property=\"og:type\" content=\"article\" \/>\n<meta property=\"og:title\" content=\"Compulsory liability insurance of a healthcare provider - Vaimse tervise keskus\" \/>\n<meta property=\"og:description\" content=\"GEORGE SMILEWeb Designerdemo@divi.expressMICHAEL KINGDOMWeb Designerdemo@divi.express\" \/>\n<meta property=\"og:url\" content=\"https:\/\/vaimsetervisekeskus.ee\/tervishoiuteenuse-osutaja-kohustuslik-vastutuskindlustus\/\" \/>\n<meta property=\"og:site_name\" content=\"Vaimse tervise keskus\" \/>\n<meta property=\"article:publisher\" content=\"https:\/\/www.facebook.com\/profile.php?id=100088084766057\" \/>\n<meta property=\"article:modified_time\" content=\"2024-11-18T13:43:55+00:00\" \/>\n<meta name=\"twitter:card\" content=\"summary_large_image\" \/>\n<meta name=\"twitter:label1\" content=\"Est. reading time\" \/>\n\t<meta name=\"twitter:data1\" content=\"1 minute\" \/>\n<script type=\"application\/ld+json\" class=\"yoast-schema-graph\">{\"@context\":\"https:\/\/schema.org\",\"@graph\":[{\"@type\":\"WebPage\",\"@id\":\"https:\/\/vaimsetervisekeskus.ee\/tervishoiuteenuse-osutaja-kohustuslik-vastutuskindlustus\/\",\"url\":\"https:\/\/vaimsetervisekeskus.ee\/tervishoiuteenuse-osutaja-kohustuslik-vastutuskindlustus\/\",\"name\":\"Compulsory liability insurance of a healthcare provider - Vaimse tervise keskus\",\"isPartOf\":{\"@id\":\"https:\/\/vaimsetervisekeskus.ee\/#website\"},\"datePublished\":\"2024-11-14T09:26:25+00:00\",\"dateModified\":\"2024-11-18T13:43:55+00:00\",\"breadcrumb\":{\"@id\":\"https:\/\/vaimsetervisekeskus.ee\/tervishoiuteenuse-osutaja-kohustuslik-vastutuskindlustus\/#breadcrumb\"},\"inLanguage\":\"en-US\",\"potentialAction\":[{\"@type\":\"ReadAction\",\"target\":[\"https:\/\/vaimsetervisekeskus.ee\/tervishoiuteenuse-osutaja-kohustuslik-vastutuskindlustus\/\"]}]},{\"@type\":\"BreadcrumbList\",\"@id\":\"https:\/\/vaimsetervisekeskus.ee\/tervishoiuteenuse-osutaja-kohustuslik-vastutuskindlustus\/#breadcrumb\",\"itemListElement\":[{\"@type\":\"ListItem\",\"position\":1,\"name\":\"Home\",\"item\":\"https:\/\/vaimsetervisekeskus.ee\/en\/\"},{\"@type\":\"ListItem\",\"position\":2,\"name\":\"Compulsory liability insurance of a healthcare provider\"}]},{\"@type\":\"WebSite\",\"@id\":\"https:\/\/vaimsetervisekeskus.ee\/#website\",\"url\":\"https:\/\/vaimsetervisekeskus.ee\/\",\"name\":\"Vaimse tervise keskus\",\"description\":\"Ps&uuml;hholoogid ja ps&uuml;hhiaatrid\",\"publisher\":{\"@id\":\"https:\/\/vaimsetervisekeskus.ee\/#organization\"},\"potentialAction\":[{\"@type\":\"SearchAction\",\"target\":{\"@type\":\"EntryPoint\",\"urlTemplate\":\"https:\/\/vaimsetervisekeskus.ee\/?s={search_term_string}\"},\"query-input\":{\"@type\":\"PropertyValueSpecification\",\"valueRequired\":true,\"valueName\":\"search_term_string\"}}],\"inLanguage\":\"en-US\"},{\"@type\":\"Organization\",\"@id\":\"https:\/\/vaimsetervisekeskus.ee\/#organization\",\"name\":\"Vaimse tervise keskus\",\"url\":\"https:\/\/vaimsetervisekeskus.ee\/\",\"logo\":{\"@type\":\"ImageObject\",\"inLanguage\":\"en-US\",\"@id\":\"https:\/\/vaimsetervisekeskus.ee\/#\/schema\/logo\/image\/\",\"url\":\"https:\/\/vaimsetervisekeskus.ee\/wp-content\/uploads\/2022\/12\/VAIMSE_TERVISE_KESKUS_LOGO_RGB-02.png\",\"contentUrl\":\"https:\/\/vaimsetervisekeskus.ee\/wp-content\/uploads\/2022\/12\/VAIMSE_TERVISE_KESKUS_LOGO_RGB-02.png\",\"width\":1200,\"height\":495,\"caption\":\"Vaimse tervise keskus\"},\"image\":{\"@id\":\"https:\/\/vaimsetervisekeskus.ee\/#\/schema\/logo\/image\/\"},\"sameAs\":[\"https:\/\/www.facebook.com\/profile.php?id=100088084766057\"]}]}<\/script>\n<!-- \/ Yoast SEO plugin. -->","yoast_head_json":{"title":"Compulsory liability insurance of a healthcare provider - Vaimse tervise keskus","robots":{"index":"index","follow":"follow","max-snippet":"max-snippet:-1","max-image-preview":"max-image-preview:large","max-video-preview":"max-video-preview:-1"},"canonical":"https:\/\/vaimsetervisekeskus.ee\/tervishoiuteenuse-osutaja-kohustuslik-vastutuskindlustus\/","og_locale":"en_US","og_type":"article","og_title":"Compulsory liability insurance of a healthcare provider - Vaimse tervise keskus","og_description":"GEORGE SMILEWeb Designerdemo@divi.expressMICHAEL KINGDOMWeb Designerdemo@divi.express","og_url":"https:\/\/vaimsetervisekeskus.ee\/tervishoiuteenuse-osutaja-kohustuslik-vastutuskindlustus\/","og_site_name":"Vaimse tervise keskus","article_publisher":"https:\/\/www.facebook.com\/profile.php?id=100088084766057","article_modified_time":"2024-11-18T13:43:55+00:00","twitter_card":"summary_large_image","twitter_misc":{"Est. reading time":"1 minute"},"schema":{"@context":"https:\/\/schema.org","@graph":[{"@type":"WebPage","@id":"https:\/\/vaimsetervisekeskus.ee\/tervishoiuteenuse-osutaja-kohustuslik-vastutuskindlustus\/","url":"https:\/\/vaimsetervisekeskus.ee\/tervishoiuteenuse-osutaja-kohustuslik-vastutuskindlustus\/","name":"Compulsory liability insurance of a healthcare provider - Vaimse tervise keskus","isPartOf":{"@id":"https:\/\/vaimsetervisekeskus.ee\/#website"},"datePublished":"2024-11-14T09:26:25+00:00","dateModified":"2024-11-18T13:43:55+00:00","breadcrumb":{"@id":"https:\/\/vaimsetervisekeskus.ee\/tervishoiuteenuse-osutaja-kohustuslik-vastutuskindlustus\/#breadcrumb"},"inLanguage":"en-US","potentialAction":[{"@type":"ReadAction","target":["https:\/\/vaimsetervisekeskus.ee\/tervishoiuteenuse-osutaja-kohustuslik-vastutuskindlustus\/"]}]},{"@type":"BreadcrumbList","@id":"https:\/\/vaimsetervisekeskus.ee\/tervishoiuteenuse-osutaja-kohustuslik-vastutuskindlustus\/#breadcrumb","itemListElement":[{"@type":"ListItem","position":1,"name":"Home","item":"https:\/\/vaimsetervisekeskus.ee\/en\/"},{"@type":"ListItem","position":2,"name":"Compulsory liability insurance of a healthcare provider"}]},{"@type":"WebSite","@id":"https:\/\/vaimsetervisekeskus.ee\/#website","url":"https:\/\/vaimsetervisekeskus.ee\/","name":"Vaimse tervise keskus","description":"Ps&uuml;hholoogid ja ps&uuml;hhiaatrid","publisher":{"@id":"https:\/\/vaimsetervisekeskus.ee\/#organization"},"potentialAction":[{"@type":"SearchAction","target":{"@type":"EntryPoint","urlTemplate":"https:\/\/vaimsetervisekeskus.ee\/?s={search_term_string}"},"query-input":{"@type":"PropertyValueSpecification","valueRequired":true,"valueName":"search_term_string"}}],"inLanguage":"en-US"},{"@type":"Organization","@id":"https:\/\/vaimsetervisekeskus.ee\/#organization","name":"Vaimse tervise keskus","url":"https:\/\/vaimsetervisekeskus.ee\/","logo":{"@type":"ImageObject","inLanguage":"en-US","@id":"https:\/\/vaimsetervisekeskus.ee\/#\/schema\/logo\/image\/","url":"https:\/\/vaimsetervisekeskus.ee\/wp-content\/uploads\/2022\/12\/VAIMSE_TERVISE_KESKUS_LOGO_RGB-02.png","contentUrl":"https:\/\/vaimsetervisekeskus.ee\/wp-content\/uploads\/2022\/12\/VAIMSE_TERVISE_KESKUS_LOGO_RGB-02.png","width":1200,"height":495,"caption":"Vaimse tervise keskus"},"image":{"@id":"https:\/\/vaimsetervisekeskus.ee\/#\/schema\/logo\/image\/"},"sameAs":["https:\/\/www.facebook.com\/profile.php?id=100088084766057"]}]}},"_links":{"self":[{"href":"https:\/\/vaimsetervisekeskus.ee\/en\/wp-json\/wp\/v2\/pages\/53024","targetHints":{"allow":["GET"]}}],"collection":[{"href":"https:\/\/vaimsetervisekeskus.ee\/en\/wp-json\/wp\/v2\/pages"}],"about":[{"href":"https:\/\/vaimsetervisekeskus.ee\/en\/wp-json\/wp\/v2\/types\/page"}],"author":[{"embeddable":true,"href":"https:\/\/vaimsetervisekeskus.ee\/en\/wp-json\/wp\/v2\/users\/7"}],"replies":[{"embeddable":true,"href":"https:\/\/vaimsetervisekeskus.ee\/en\/wp-json\/wp\/v2\/comments?post=53024"}],"version-history":[{"count":3,"href":"https:\/\/vaimsetervisekeskus.ee\/en\/wp-json\/wp\/v2\/pages\/53024\/revisions"}],"predecessor-version":[{"id":53049,"href":"https:\/\/vaimsetervisekeskus.ee\/en\/wp-json\/wp\/v2\/pages\/53024\/revisions\/53049"}],"wp:attachment":[{"href":"https:\/\/vaimsetervisekeskus.ee\/en\/wp-json\/wp\/v2\/media?parent=53024"}],"curies":[{"name":"wp","href":"https:\/\/api.w.org\/{rel}","templated":true}]}}