{"id":53025,"date":"2024-11-14T09:26:25","date_gmt":"2024-11-14T09:26:25","guid":{"rendered":"https:\/\/vaimsetervisekeskus.ee\/%d0%be%d0%b1%d1%8f%d0%b7%d0%b0%d1%82%d0%b5%d0%bb%d1%8c%d0%bd%d0%be%d0%b5-%d1%81%d1%82%d1%80%d0%b0%d1%85%d0%be%d0%b2%d0%b0%d0%bd%d0%b8%d0%b5-%d0%be%d1%82%d0%b2%d0%b5%d1%82%d1%81%d1%82%d0%b2%d0%b5%d0%bd\/"},"modified":"2024-11-18T13:42:44","modified_gmt":"2024-11-18T13:42:44","slug":"%d0%be%d0%b1%d1%8f%d0%b7%d0%b0%d1%82%d0%b5%d0%bb%d1%8c%d0%bd%d0%be%d0%b5-%d1%81%d1%82%d1%80%d0%b0%d1%85%d0%be%d0%b2%d0%b0%d0%bd%d0%b8%d0%b5-%d0%be%d1%82%d0%b2%d0%b5%d1%82%d1%81%d1%82%d0%b2%d0%b5%d0%bd","status":"publish","type":"page","link":"https:\/\/vaimsetervisekeskus.ee\/ru\/%d0%be%d0%b1%d1%8f%d0%b7%d0%b0%d1%82%d0%b5%d0%bb%d1%8c%d0%bd%d0%be%d0%b5-%d1%81%d1%82%d1%80%d0%b0%d1%85%d0%be%d0%b2%d0%b0%d0%bd%d0%b8%d0%b5-%d0%be%d1%82%d0%b2%d0%b5%d1%82%d1%81%d1%82%d0%b2%d0%b5%d0%bd\/","title":{"rendered":"\u041e\u0431\u044f\u0437\u0430\u0442\u0435\u043b\u044c\u043d\u043e\u0435 \u0441\u0442\u0440\u0430\u0445\u043e\u0432\u0430\u043d\u0438\u0435 \u043e\u0442\u0432\u0435\u0442\u0441\u0442\u0432\u0435\u043d\u043d\u043e\u0441\u0442\u0438 \u043f\u043e\u0441\u0442\u0430\u0432\u0449\u0438\u043a\u0430 \u043c\u0435\u0434\u0438\u0446\u0438\u043d\u0441\u043a\u0438\u0445 \u0443\u0441\u043b\u0443\u0433"},"content":{"rendered":"<p>[et_pb_section fb_built=&#187;1&#8243; _builder_version=&#187;4.27.3&#8243; _module_preset=&#187;default&#187; global_colors_info=&#187;{}&#187;][et_pb_row column_structure=&#187;1_2,1_2&#8243; _builder_version=&#187;4.27.3&#8243; _module_preset=&#187;default&#187; global_colors_info=&#187;{}&#187;][et_pb_column type=&#187;1_2&#8243; _builder_version=&#187;4.27.3&#8243; _module_preset=&#187;default&#187; global_colors_info=&#187;{}&#187;][et_pb_text _builder_version=&#187;4.27.3&#8243; _module_preset=&#187;default&#187; hover_enabled=&#187;0&#8243; global_colors_info=&#187;{}&#187; sticky_enabled=&#187;0&#8243;]<\/p>\n<p><strong>Kindlustusandja:<\/strong><span>\u00a0<\/span>PZU Kindlustus (AB \u201eLietuvos draudimas\u201c Eesti filiaal)<\/p>\n<p><strong>Kindlustuskaitse periood:<\/strong><span>\u00a0<\/span><em>1.11.2024-30.10.2025<\/em><span>\u00a0<\/span>(kindlustusperioodi v\u00e4lja palume t\u00e4ita kindlustusv\u00f5tjal vastavalt lepingule)<\/p>\n<p><strong>Kindlustussumma:<\/strong><br \/>3 000 000 \u20ac kindlustusperioodi kohta<br \/>300 000 \u20ac kindlustusjuhtumi kohta<br \/>100 000 \u20ac \u00f5igustatud isiku kohta<\/p>\n<p><strong>Mittevaralise kahju kindlustussumma:<\/strong><br \/>100 000 \u20ac kindlustusjuhtumi kohta<br \/>30 000 \u20ac \u00f5igustatud isiku kohta<\/p>\n<p><strong>Kahjun\u00f5ude esitamine:<\/strong><span>\u00a0<\/span>tervishoiuteenuse enda kontakt v\u00f5i<span>\u00a0 PZU Kindlustuse Iseteenindus\u00a0<\/span><\/p>\n<p>Kahju esitamiseks palun t\u00e4itke<span> PZU Kindlustuse Iseteeninduses<\/span><span>\u00a0<\/span>olev vorm ning kindlustusandja v\u00f5tab teiega \u00fchendust.<\/p>\n<p>[\/et_pb_text][\/et_pb_column][et_pb_column type=&#187;1_2&#8243; _builder_version=&#187;4.27.3&#8243; _module_preset=&#187;default&#187; global_colors_info=&#187;{}&#187;][et_pb_image src=&#187;https:\/\/vaimsetervisekeskus.ee\/wp-content\/uploads\/2024\/11\/valge.png&#187; title_text=&#187;valge&#187; url=&#187;http:\/\/www.pzu.ee\/iseteenindus\/&#187; _builder_version=&#187;4.27.3&#8243; _module_preset=&#187;default&#187; global_colors_info=&#187;{}&#187;][\/et_pb_image][\/et_pb_column][\/et_pb_row][\/et_pb_section]<\/p>\n","protected":false},"excerpt":{"rendered":"<p>Kindlustusandja:\u00a0PZU Kindlustus (AB \u201eLietuvos draudimas\u201c Eesti filiaal) Kindlustuskaitse periood:\u00a01.11.2024-30.10.2025\u00a0(kindlustusperioodi v\u00e4lja palume t\u00e4ita kindlustusv\u00f5tjal vastavalt lepingule) Kindlustussumma:3 000 000 \u20ac kindlustusperioodi kohta300 000 \u20ac kindlustusjuhtumi kohta100 000 \u20ac \u00f5igustatud isiku kohta Mittevaralise kahju kindlustussumma:100 000 \u20ac kindlustusjuhtumi kohta30 000 \u20ac \u00f5igustatud isiku kohta Kahjun\u00f5ude esitamine:\u00a0tervishoiuteenuse enda kontakt v\u00f5i\u00a0 PZU Kindlustuse Iseteenindus\u00a0 Kahju esitamiseks palun t\u00e4itke PZU [&hellip;]<\/p>\n","protected":false},"author":7,"featured_media":0,"parent":0,"menu_order":0,"comment_status":"closed","ping_status":"closed","template":"","meta":{"_acf_changed":false,"_et_pb_use_builder":"on","_et_pb_old_content":"","_et_gb_content_width":"","footnotes":""},"class_list":["post-53025","page","type-page","status-publish","hentry"],"acf":[],"yoast_head":"<!-- This site is optimized with the Yoast SEO plugin v26.2 - https:\/\/yoast.com\/wordpress\/plugins\/seo\/ -->\n<title>\u041e\u0431\u044f\u0437\u0430\u0442\u0435\u043b\u044c\u043d\u043e\u0435 \u0441\u0442\u0440\u0430\u0445\u043e\u0432\u0430\u043d\u0438\u0435 \u043e\u0442\u0432\u0435\u0442\u0441\u0442\u0432\u0435\u043d\u043d\u043e\u0441\u0442\u0438 \u043f\u043e\u0441\u0442\u0430\u0432\u0449\u0438\u043a\u0430 \u043c\u0435\u0434\u0438\u0446\u0438\u043d\u0441\u043a\u0438\u0445 \u0443\u0441\u043b\u0443\u0433 - Vaimse tervise keskus<\/title>\n<meta name=\"robots\" content=\"index, follow, max-snippet:-1, max-image-preview:large, max-video-preview:-1\" \/>\n<link rel=\"canonical\" href=\"https:\/\/vaimsetervisekeskus.ee\/tervishoiuteenuse-osutaja-kohustuslik-vastutuskindlustus\/\" \/>\n<meta property=\"og:locale\" content=\"ru_RU\" \/>\n<meta property=\"og:type\" content=\"article\" \/>\n<meta property=\"og:title\" content=\"\u041e\u0431\u044f\u0437\u0430\u0442\u0435\u043b\u044c\u043d\u043e\u0435 \u0441\u0442\u0440\u0430\u0445\u043e\u0432\u0430\u043d\u0438\u0435 \u043e\u0442\u0432\u0435\u0442\u0441\u0442\u0432\u0435\u043d\u043d\u043e\u0441\u0442\u0438 \u043f\u043e\u0441\u0442\u0430\u0432\u0449\u0438\u043a\u0430 \u043c\u0435\u0434\u0438\u0446\u0438\u043d\u0441\u043a\u0438\u0445 \u0443\u0441\u043b\u0443\u0433 - Vaimse tervise keskus\" \/>\n<meta property=\"og:description\" content=\"GEORGE SMILEWeb Designerdemo@divi.expressMICHAEL KINGDOMWeb Designerdemo@divi.express\" \/>\n<meta property=\"og:url\" content=\"https:\/\/vaimsetervisekeskus.ee\/tervishoiuteenuse-osutaja-kohustuslik-vastutuskindlustus\/\" \/>\n<meta property=\"og:site_name\" content=\"Vaimse tervise keskus\" \/>\n<meta property=\"article:publisher\" content=\"https:\/\/www.facebook.com\/profile.php?id=100088084766057\" \/>\n<meta property=\"article:modified_time\" content=\"2024-11-18T13:42:44+00:00\" \/>\n<meta name=\"twitter:card\" content=\"summary_large_image\" \/>\n<meta name=\"twitter:label1\" content=\"\u041f\u0440\u0438\u043c\u0435\u0440\u043d\u043e\u0435 \u0432\u0440\u0435\u043c\u044f \u0434\u043b\u044f \u0447\u0442\u0435\u043d\u0438\u044f\" \/>\n\t<meta name=\"twitter:data1\" content=\"1 \u043c\u0438\u043d\u0443\u0442\u0430\" \/>\n<script type=\"application\/ld+json\" class=\"yoast-schema-graph\">{\"@context\":\"https:\/\/schema.org\",\"@graph\":[{\"@type\":\"WebPage\",\"@id\":\"https:\/\/vaimsetervisekeskus.ee\/tervishoiuteenuse-osutaja-kohustuslik-vastutuskindlustus\/\",\"url\":\"https:\/\/vaimsetervisekeskus.ee\/tervishoiuteenuse-osutaja-kohustuslik-vastutuskindlustus\/\",\"name\":\"\u041e\u0431\u044f\u0437\u0430\u0442\u0435\u043b\u044c\u043d\u043e\u0435 \u0441\u0442\u0440\u0430\u0445\u043e\u0432\u0430\u043d\u0438\u0435 \u043e\u0442\u0432\u0435\u0442\u0441\u0442\u0432\u0435\u043d\u043d\u043e\u0441\u0442\u0438 \u043f\u043e\u0441\u0442\u0430\u0432\u0449\u0438\u043a\u0430 \u043c\u0435\u0434\u0438\u0446\u0438\u043d\u0441\u043a\u0438\u0445 \u0443\u0441\u043b\u0443\u0433 - Vaimse tervise keskus\",\"isPartOf\":{\"@id\":\"https:\/\/vaimsetervisekeskus.ee\/#website\"},\"datePublished\":\"2024-11-14T09:26:25+00:00\",\"dateModified\":\"2024-11-18T13:42:44+00:00\",\"breadcrumb\":{\"@id\":\"https:\/\/vaimsetervisekeskus.ee\/tervishoiuteenuse-osutaja-kohustuslik-vastutuskindlustus\/#breadcrumb\"},\"inLanguage\":\"ru-RU\",\"potentialAction\":[{\"@type\":\"ReadAction\",\"target\":[\"https:\/\/vaimsetervisekeskus.ee\/tervishoiuteenuse-osutaja-kohustuslik-vastutuskindlustus\/\"]}]},{\"@type\":\"BreadcrumbList\",\"@id\":\"https:\/\/vaimsetervisekeskus.ee\/tervishoiuteenuse-osutaja-kohustuslik-vastutuskindlustus\/#breadcrumb\",\"itemListElement\":[{\"@type\":\"ListItem\",\"position\":1,\"name\":\"Home\",\"item\":\"https:\/\/vaimsetervisekeskus.ee\/ru\/\"},{\"@type\":\"ListItem\",\"position\":2,\"name\":\"\u041e\u0431\u044f\u0437\u0430\u0442\u0435\u043b\u044c\u043d\u043e\u0435 \u0441\u0442\u0440\u0430\u0445\u043e\u0432\u0430\u043d\u0438\u0435 \u043e\u0442\u0432\u0435\u0442\u0441\u0442\u0432\u0435\u043d\u043d\u043e\u0441\u0442\u0438 \u043f\u043e\u0441\u0442\u0430\u0432\u0449\u0438\u043a\u0430 \u043c\u0435\u0434\u0438\u0446\u0438\u043d\u0441\u043a\u0438\u0445 \u0443\u0441\u043b\u0443\u0433\"}]},{\"@type\":\"WebSite\",\"@id\":\"https:\/\/vaimsetervisekeskus.ee\/#website\",\"url\":\"https:\/\/vaimsetervisekeskus.ee\/\",\"name\":\"Vaimse tervise keskus\",\"description\":\"Ps&uuml;hholoogid ja ps&uuml;hhiaatrid\",\"publisher\":{\"@id\":\"https:\/\/vaimsetervisekeskus.ee\/#organization\"},\"potentialAction\":[{\"@type\":\"SearchAction\",\"target\":{\"@type\":\"EntryPoint\",\"urlTemplate\":\"https:\/\/vaimsetervisekeskus.ee\/?s={search_term_string}\"},\"query-input\":{\"@type\":\"PropertyValueSpecification\",\"valueRequired\":true,\"valueName\":\"search_term_string\"}}],\"inLanguage\":\"ru-RU\"},{\"@type\":\"Organization\",\"@id\":\"https:\/\/vaimsetervisekeskus.ee\/#organization\",\"name\":\"Vaimse tervise keskus\",\"url\":\"https:\/\/vaimsetervisekeskus.ee\/\",\"logo\":{\"@type\":\"ImageObject\",\"inLanguage\":\"ru-RU\",\"@id\":\"https:\/\/vaimsetervisekeskus.ee\/#\/schema\/logo\/image\/\",\"url\":\"https:\/\/vaimsetervisekeskus.ee\/wp-content\/uploads\/2022\/12\/VAIMSE_TERVISE_KESKUS_LOGO_RGB-02.png\",\"contentUrl\":\"https:\/\/vaimsetervisekeskus.ee\/wp-content\/uploads\/2022\/12\/VAIMSE_TERVISE_KESKUS_LOGO_RGB-02.png\",\"width\":1200,\"height\":495,\"caption\":\"Vaimse tervise keskus\"},\"image\":{\"@id\":\"https:\/\/vaimsetervisekeskus.ee\/#\/schema\/logo\/image\/\"},\"sameAs\":[\"https:\/\/www.facebook.com\/profile.php?id=100088084766057\"]}]}<\/script>\n<!-- \/ Yoast SEO plugin. -->","yoast_head_json":{"title":"\u041e\u0431\u044f\u0437\u0430\u0442\u0435\u043b\u044c\u043d\u043e\u0435 \u0441\u0442\u0440\u0430\u0445\u043e\u0432\u0430\u043d\u0438\u0435 \u043e\u0442\u0432\u0435\u0442\u0441\u0442\u0432\u0435\u043d\u043d\u043e\u0441\u0442\u0438 \u043f\u043e\u0441\u0442\u0430\u0432\u0449\u0438\u043a\u0430 \u043c\u0435\u0434\u0438\u0446\u0438\u043d\u0441\u043a\u0438\u0445 \u0443\u0441\u043b\u0443\u0433 - Vaimse tervise keskus","robots":{"index":"index","follow":"follow","max-snippet":"max-snippet:-1","max-image-preview":"max-image-preview:large","max-video-preview":"max-video-preview:-1"},"canonical":"https:\/\/vaimsetervisekeskus.ee\/tervishoiuteenuse-osutaja-kohustuslik-vastutuskindlustus\/","og_locale":"ru_RU","og_type":"article","og_title":"\u041e\u0431\u044f\u0437\u0430\u0442\u0435\u043b\u044c\u043d\u043e\u0435 \u0441\u0442\u0440\u0430\u0445\u043e\u0432\u0430\u043d\u0438\u0435 \u043e\u0442\u0432\u0435\u0442\u0441\u0442\u0432\u0435\u043d\u043d\u043e\u0441\u0442\u0438 \u043f\u043e\u0441\u0442\u0430\u0432\u0449\u0438\u043a\u0430 \u043c\u0435\u0434\u0438\u0446\u0438\u043d\u0441\u043a\u0438\u0445 \u0443\u0441\u043b\u0443\u0433 - Vaimse tervise keskus","og_description":"GEORGE SMILEWeb Designerdemo@divi.expressMICHAEL KINGDOMWeb Designerdemo@divi.express","og_url":"https:\/\/vaimsetervisekeskus.ee\/tervishoiuteenuse-osutaja-kohustuslik-vastutuskindlustus\/","og_site_name":"Vaimse tervise keskus","article_publisher":"https:\/\/www.facebook.com\/profile.php?id=100088084766057","article_modified_time":"2024-11-18T13:42:44+00:00","twitter_card":"summary_large_image","twitter_misc":{"\u041f\u0440\u0438\u043c\u0435\u0440\u043d\u043e\u0435 \u0432\u0440\u0435\u043c\u044f \u0434\u043b\u044f \u0447\u0442\u0435\u043d\u0438\u044f":"1 \u043c\u0438\u043d\u0443\u0442\u0430"},"schema":{"@context":"https:\/\/schema.org","@graph":[{"@type":"WebPage","@id":"https:\/\/vaimsetervisekeskus.ee\/tervishoiuteenuse-osutaja-kohustuslik-vastutuskindlustus\/","url":"https:\/\/vaimsetervisekeskus.ee\/tervishoiuteenuse-osutaja-kohustuslik-vastutuskindlustus\/","name":"\u041e\u0431\u044f\u0437\u0430\u0442\u0435\u043b\u044c\u043d\u043e\u0435 \u0441\u0442\u0440\u0430\u0445\u043e\u0432\u0430\u043d\u0438\u0435 \u043e\u0442\u0432\u0435\u0442\u0441\u0442\u0432\u0435\u043d\u043d\u043e\u0441\u0442\u0438 \u043f\u043e\u0441\u0442\u0430\u0432\u0449\u0438\u043a\u0430 \u043c\u0435\u0434\u0438\u0446\u0438\u043d\u0441\u043a\u0438\u0445 \u0443\u0441\u043b\u0443\u0433 - Vaimse tervise keskus","isPartOf":{"@id":"https:\/\/vaimsetervisekeskus.ee\/#website"},"datePublished":"2024-11-14T09:26:25+00:00","dateModified":"2024-11-18T13:42:44+00:00","breadcrumb":{"@id":"https:\/\/vaimsetervisekeskus.ee\/tervishoiuteenuse-osutaja-kohustuslik-vastutuskindlustus\/#breadcrumb"},"inLanguage":"ru-RU","potentialAction":[{"@type":"ReadAction","target":["https:\/\/vaimsetervisekeskus.ee\/tervishoiuteenuse-osutaja-kohustuslik-vastutuskindlustus\/"]}]},{"@type":"BreadcrumbList","@id":"https:\/\/vaimsetervisekeskus.ee\/tervishoiuteenuse-osutaja-kohustuslik-vastutuskindlustus\/#breadcrumb","itemListElement":[{"@type":"ListItem","position":1,"name":"Home","item":"https:\/\/vaimsetervisekeskus.ee\/ru\/"},{"@type":"ListItem","position":2,"name":"\u041e\u0431\u044f\u0437\u0430\u0442\u0435\u043b\u044c\u043d\u043e\u0435 \u0441\u0442\u0440\u0430\u0445\u043e\u0432\u0430\u043d\u0438\u0435 \u043e\u0442\u0432\u0435\u0442\u0441\u0442\u0432\u0435\u043d\u043d\u043e\u0441\u0442\u0438 \u043f\u043e\u0441\u0442\u0430\u0432\u0449\u0438\u043a\u0430 \u043c\u0435\u0434\u0438\u0446\u0438\u043d\u0441\u043a\u0438\u0445 \u0443\u0441\u043b\u0443\u0433"}]},{"@type":"WebSite","@id":"https:\/\/vaimsetervisekeskus.ee\/#website","url":"https:\/\/vaimsetervisekeskus.ee\/","name":"Vaimse tervise keskus","description":"Ps&uuml;hholoogid ja ps&uuml;hhiaatrid","publisher":{"@id":"https:\/\/vaimsetervisekeskus.ee\/#organization"},"potentialAction":[{"@type":"SearchAction","target":{"@type":"EntryPoint","urlTemplate":"https:\/\/vaimsetervisekeskus.ee\/?s={search_term_string}"},"query-input":{"@type":"PropertyValueSpecification","valueRequired":true,"valueName":"search_term_string"}}],"inLanguage":"ru-RU"},{"@type":"Organization","@id":"https:\/\/vaimsetervisekeskus.ee\/#organization","name":"Vaimse tervise keskus","url":"https:\/\/vaimsetervisekeskus.ee\/","logo":{"@type":"ImageObject","inLanguage":"ru-RU","@id":"https:\/\/vaimsetervisekeskus.ee\/#\/schema\/logo\/image\/","url":"https:\/\/vaimsetervisekeskus.ee\/wp-content\/uploads\/2022\/12\/VAIMSE_TERVISE_KESKUS_LOGO_RGB-02.png","contentUrl":"https:\/\/vaimsetervisekeskus.ee\/wp-content\/uploads\/2022\/12\/VAIMSE_TERVISE_KESKUS_LOGO_RGB-02.png","width":1200,"height":495,"caption":"Vaimse tervise keskus"},"image":{"@id":"https:\/\/vaimsetervisekeskus.ee\/#\/schema\/logo\/image\/"},"sameAs":["https:\/\/www.facebook.com\/profile.php?id=100088084766057"]}]}},"_links":{"self":[{"href":"https:\/\/vaimsetervisekeskus.ee\/ru\/wp-json\/wp\/v2\/pages\/53025","targetHints":{"allow":["GET"]}}],"collection":[{"href":"https:\/\/vaimsetervisekeskus.ee\/ru\/wp-json\/wp\/v2\/pages"}],"about":[{"href":"https:\/\/vaimsetervisekeskus.ee\/ru\/wp-json\/wp\/v2\/types\/page"}],"author":[{"embeddable":true,"href":"https:\/\/vaimsetervisekeskus.ee\/ru\/wp-json\/wp\/v2\/users\/7"}],"replies":[{"embeddable":true,"href":"https:\/\/vaimsetervisekeskus.ee\/ru\/wp-json\/wp\/v2\/comments?post=53025"}],"version-history":[{"count":3,"href":"https:\/\/vaimsetervisekeskus.ee\/ru\/wp-json\/wp\/v2\/pages\/53025\/revisions"}],"predecessor-version":[{"id":53046,"href":"https:\/\/vaimsetervisekeskus.ee\/ru\/wp-json\/wp\/v2\/pages\/53025\/revisions\/53046"}],"wp:attachment":[{"href":"https:\/\/vaimsetervisekeskus.ee\/ru\/wp-json\/wp\/v2\/media?parent=53025"}],"curies":[{"name":"wp","href":"https:\/\/api.w.org\/{rel}","templated":true}]}}